{"id":11,"date":"2019-01-23T06:31:53","date_gmt":"2019-01-23T05:31:53","guid":{"rendered":"http:\/\/lourdesriuspsicologia.com\/index.php\/store\/"},"modified":"2021-02-24T13:39:30","modified_gmt":"2021-02-24T12:39:30","slug":"quien-soy","status":"publish","type":"page","link":"https:\/\/lourdesriuspsicologia.com\/index.php\/quien-soy\/","title":{"rendered":"Qui\u00e9n soy"},"content":{"rendered":"\t\t<div data-elementor-type=\"wp-post\" data-elementor-id=\"11\" class=\"elementor elementor-11\" data-elementor-settings=\"[]\">\n\t\t\t\t\t\t\t<div class=\"elementor-section-wrap\">\n\t\t\t\t\t\t\t<section class=\"elementor-section elementor-top-section elementor-element elementor-element-caa47fa elementor-section-content-middle elementor-section-boxed elementor-section-height-default elementor-section-height-default\" data-id=\"caa47fa\" data-element_type=\"section\" data-settings=\"{&quot;background_background&quot;:&quot;classic&quot;}\">\n\t\t\t\t\t\t\t<div class=\"elementor-background-overlay\"><\/div>\n\t\t\t\t\t\t\t<div class=\"elementor-container elementor-column-gap-no\">\n\t\t\t\t\t<div class=\"elementor-column elementor-col-100 elementor-top-column elementor-element elementor-element-def1b4b\" data-id=\"def1b4b\" data-element_type=\"column\">\n\t\t\t<div class=\"elementor-widget-wrap elementor-element-populated\">\n\t\t\t\t\t\t\t\t<div class=\"elementor-element elementor-element-20a9f86 elementor-widget elementor-widget-heading\" data-id=\"20a9f86\" data-element_type=\"widget\" data-widget_type=\"heading.default\">\n\t\t\t\t<div class=\"elementor-widget-container\">\n\t\t\t<h1 class=\"elementor-heading-title elementor-size-default\">Qui\u00e9n soy<\/h1>\t\t<\/div>\n\t\t\t\t<\/div>\n\t\t\t\t\t<\/div>\n\t\t<\/div>\n\t\t\t\t\t\t\t<\/div>\n\t\t<\/section>\n\t\t\t\t<section class=\"elementor-section elementor-top-section elementor-element elementor-element-13f7810 elementor-section-boxed elementor-section-height-default elementor-section-height-default\" data-id=\"13f7810\" data-element_type=\"section\">\n\t\t\t\t\t\t<div class=\"elementor-container elementor-column-gap-no\">\n\t\t\t\t\t<div class=\"elementor-column elementor-col-100 elementor-top-column elementor-element elementor-element-240f590\" data-id=\"240f590\" data-element_type=\"column\">\n\t\t\t<div class=\"elementor-widget-wrap elementor-element-populated\">\n\t\t\t\t\t\t\t\t<div class=\"elementor-element elementor-element-ca8b45d elementor-widget elementor-widget-image\" data-id=\"ca8b45d\" data-element_type=\"widget\" data-widget_type=\"image.default\">\n\t\t\t\t<div class=\"elementor-widget-container\">\n\t\t\t\t\t<div class=\"elementor-image\">\n\t\t\t\t\t\t\t\t\t\t<img loading=\"lazy\" decoding=\"async\" width=\"300\" height=\"300\" src=\"https:\/\/lourdesriuspsicologia.com\/wp-content\/uploads\/2021\/02\/Lourdes-4-300x300.jpg\" class=\"attachment-medium size-medium\" alt=\"\" srcset=\"https:\/\/lourdesriuspsicologia.com\/wp-content\/uploads\/2021\/02\/Lourdes-4-300x300.jpg 300w, https:\/\/lourdesriuspsicologia.com\/wp-content\/uploads\/2021\/02\/Lourdes-4-150x150.jpg 150w, https:\/\/lourdesriuspsicologia.com\/wp-content\/uploads\/2021\/02\/Lourdes-4.jpg 480w\" sizes=\"auto, (max-width: 300px) 100vw, 300px\" \/>\t\t\t\t\t\t\t\t\t\t\t<\/div>\n\t\t\t\t<\/div>\n\t\t\t\t<\/div>\n\t\t\t\t<div class=\"elementor-element elementor-element-268fe7d elementor-widget elementor-widget-text-editor\" data-id=\"268fe7d\" data-element_type=\"widget\" data-widget_type=\"text-editor.default\">\n\t\t\t\t<div class=\"elementor-widget-container\">\n\t\t\t\t\t<div class=\"elementor-text-editor elementor-clearfix\"><div>\n<p><u><b><br><\/b><\/u><\/p><p><u><b>Formaci\u00f3n<\/b><\/u><\/p>\n<\/div>\n<ul>\n<li>Licenciada en Psicolog\u00eda por la Universidad de Barcelona (2002).<\/li>\n<li style=\"font-size: 15px;\">M\u00e1ster en Cl\u00ednica Psicoanal\u00edtica de Ni\u00f1os y Adolescentes (Universidad de Barcelona, 2004)<\/li>\n<li style=\"font-size: 15px; font-family: inherit;\">Postgrado te\u00f3rico-cl\u00ednico en Psicopatolog\u00eda del Ni\u00f1o, Adolescentes y Familia desde la perspectiva relacional y psicoanal\u00edtica (FETB 2007).<\/li>\n<li style=\"font-size: 15px; font-family: inherit;\">M\u00e1ster en Psicoterapia Psicoanal\u00edtica (Fundaci\u00f3 Vidal i Barraquer, Universitat Ramon Llull, 2011).<\/li>\n<\/ul>\n<div>&nbsp;<\/div>\n<div>\n<p><b><u>Experiencia<\/u><\/b><\/p>\n<\/div>\n<ul>\n<li>Psic\u00f3loga Titular del CDIAP (Centro de Desarrollo Infantil y Atenci\u00f3n Precoz) del barrio de Gracia (Barcelona), de la FETB (Fundaci\u00f3n Eul\u00e0lia Torras de Be\u00e0). Generalitat de Catalunya.&nbsp;<\/li>\n<li style=\"font-family: inherit; font-size: 15px;\">Psicodiagn\u00f3stico, y tratamientos psicoterap\u00e9uticos y reeducativos, en ni\u00f1os y adolescentes (Centro de Salud Mental Infantil y Juvenil).<\/li>\n<li style=\"font-family: inherit; font-size: 15px;\">Tratamiento psicol\u00f3gico en centros privados de forma continuada, atendiendo a ni\u00f1os, adolescentes y fam\u00edlias.<\/li>\n<\/ul>\n<div>&nbsp;<br><u style=\"font-style: inherit; font-weight: inherit;\"><b>Otros<\/b><\/u><\/div>\n<div>&nbsp;<\/div>\n<ul style=\"font-size: 15px; font-style: normal; font-weight: 400;\">\n<li style=\"font-size: 15px;\">Colegiada n\u00famero 13108 por el Colegio Oficial de Psic\u00f3logos de Catalu\u00f1a.<\/li>\n<li style=\"font-size: 15px;\">Psic\u00f3loga Sanitaria acreditada por la Conselleria de Sanitat de la Generalitat de Catalunya.<\/li>\n<li style=\"font-family: inherit; font-size: 15px;\">Coautora del Proyecto \u2018Superherois\u2019 (dedicado a ni\u00f1os con TEA), que incluye la publicaci\u00f3n de dos cuentos infantiles.<\/li>\n<\/ul><div><br><\/div><\/div>\n\t\t\t\t<\/div>\n\t\t\t\t<\/div>\n\t\t\t\t\t<\/div>\n\t\t<\/div>\n\t\t\t\t\t\t\t<\/div>\n\t\t<\/section>\n\t\t\t\t\t\t<\/div>\n\t\t\t\t\t<\/div>\n\t\t","protected":false},"excerpt":{"rendered":"<p>Qui\u00e9n soy Formaci\u00f3n Licenciada en Psicolog\u00eda por la Universidad de Barcelona (2002). M\u00e1ster en Cl\u00ednica Psicoanal\u00edtica de Ni\u00f1os y Adolescentes (Universidad de Barcelona, 2004) Postgrado te\u00f3rico-cl\u00ednico en Psicopatolog\u00eda del Ni\u00f1o, Adolescentes y Familia desde la perspectiva relacional y psicoanal\u00edtica (FETB 2007). M\u00e1ster en Psicoterapia Psicoanal\u00edtica (Fundaci\u00f3 Vidal i Barraquer, Universitat Ramon Llull, 2011). &nbsp; Experiencia &hellip;<\/p>\n<p class=\"read-more\"> <a class=\"\" href=\"https:\/\/lourdesriuspsicologia.com\/index.php\/quien-soy\/\"> <span class=\"screen-reader-text\">Qui\u00e9n soy<\/span> Leer m\u00e1s &raquo;<\/a><\/p>\n","protected":false},"author":1,"featured_media":0,"parent":0,"menu_order":2,"comment_status":"closed","ping_status":"closed","template":"","meta":{"footnotes":""},"class_list":["post-11","page","type-page","status-publish","hentry"],"_links":{"self":[{"href":"https:\/\/lourdesriuspsicologia.com\/index.php\/wp-json\/wp\/v2\/pages\/11","targetHints":{"allow":["GET"]}}],"collection":[{"href":"https:\/\/lourdesriuspsicologia.com\/index.php\/wp-json\/wp\/v2\/pages"}],"about":[{"href":"https:\/\/lourdesriuspsicologia.com\/index.php\/wp-json\/wp\/v2\/types\/page"}],"author":[{"embeddable":true,"href":"https:\/\/lourdesriuspsicologia.com\/index.php\/wp-json\/wp\/v2\/users\/1"}],"replies":[{"embeddable":true,"href":"https:\/\/lourdesriuspsicologia.com\/index.php\/wp-json\/wp\/v2\/comments?post=11"}],"version-history":[{"count":26,"href":"https:\/\/lourdesriuspsicologia.com\/index.php\/wp-json\/wp\/v2\/pages\/11\/revisions"}],"predecessor-version":[{"id":1502,"href":"https:\/\/lourdesriuspsicologia.com\/index.php\/wp-json\/wp\/v2\/pages\/11\/revisions\/1502"}],"wp:attachment":[{"href":"https:\/\/lourdesriuspsicologia.com\/index.php\/wp-json\/wp\/v2\/media?parent=11"}],"curies":[{"name":"wp","href":"https:\/\/api.w.org\/{rel}","templated":true}]}}